{"id":17,"date":"2024-05-06T17:04:15","date_gmt":"2024-05-06T20:04:15","guid":{"rendered":"https:\/\/www.curumimvirtual.com.br\/blog\/?page_id=17"},"modified":"2025-05-21T17:11:44","modified_gmt":"2025-05-21T20:11:44","slug":"elementor-17","status":"publish","type":"page","link":"https:\/\/www.curumimvirtual.com.br\/blog\/","title":{"rendered":"Blog"},"content":{"rendered":"\t\t<div data-elementor-type=\"wp-page\" data-elementor-id=\"17\" class=\"elementor elementor-17\" data-elementor-post-type=\"page\">\n\t\t\t\t<div class=\"elementor-element elementor-element-072ac28 e-flex e-con-boxed e-con e-parent\" data-id=\"072ac28\" data-element_type=\"container\" data-settings=\"{&quot;background_background&quot;:&quot;classic&quot;}\">\n\t\t\t\t\t<div class=\"e-con-inner\">\n\t\t\t\t<div class=\"elementor-element elementor-element-0b60a59 elementor-widget elementor-widget-heading\" data-id=\"0b60a59\" data-element_type=\"widget\" data-widget_type=\"heading.default\">\n\t\t\t\t<div class=\"elementor-widget-container\">\n\t\t\t\t\t<h2 class=\"elementor-heading-title elementor-size-default\">Trilhando o Saber: Jornadas Educativas do Centro Educacional Curumim<\/h2>\t\t\t\t<\/div>\n\t\t\t\t<\/div>\n\t\t\t\t<div class=\"elementor-element elementor-element-bcec57a elementor-widget elementor-widget-text-editor\" data-id=\"bcec57a\" data-element_type=\"widget\" data-widget_type=\"text-editor.default\">\n\t\t\t\t<div class=\"elementor-widget-container\">\n\t\t\t\t\t\t\t\t\t<p>Em nosso blog &#8216;Trilhando o Saber&#8217;, convidamos voc\u00ea a explorar as diversas jornadas educativas proporcionadas pelo Centro Educacional Curumim. Acompanhe nossos relatos sobre descobertas, desafios e conquistas enquanto trilhamos os caminhos do conhecimento junto aos nossos alunos. Prepare-se para se inspirar e aprender conosco em cada passo dessa jornada educativa!<\/p>\t\t\t\t\t\t\t\t<\/div>\n\t\t\t\t<\/div>\n\t\t\t\t\t<\/div>\n\t\t\t\t<\/div>\n\t\t<div class=\"elementor-element elementor-element-d0520a8 e-flex e-con-boxed e-con e-parent\" data-id=\"d0520a8\" data-element_type=\"container\">\n\t\t\t\t\t<div class=\"e-con-inner\">\n\t\t\t\t<div class=\"elementor-element elementor-element-1989637 elementor-grid-3 elementor-grid-tablet-2 elementor-grid-mobile-1 elementor-posts--thumbnail-top elementor-widget elementor-widget-posts\" data-id=\"1989637\" data-element_type=\"widget\" data-settings=\"{&quot;classic_columns&quot;:&quot;3&quot;,&quot;classic_columns_tablet&quot;:&quot;2&quot;,&quot;classic_columns_mobile&quot;:&quot;1&quot;,&quot;classic_row_gap&quot;:{&quot;unit&quot;:&quot;px&quot;,&quot;size&quot;:35,&quot;sizes&quot;:[]},&quot;classic_row_gap_tablet&quot;:{&quot;unit&quot;:&quot;px&quot;,&quot;size&quot;:&quot;&quot;,&quot;sizes&quot;:[]},&quot;classic_row_gap_mobile&quot;:{&quot;unit&quot;:&quot;px&quot;,&quot;size&quot;:&quot;&quot;,&quot;sizes&quot;:[]}}\" data-widget_type=\"posts.classic\">\n\t\t\t\t<div class=\"elementor-widget-container\">\n\t\t\t\t\t\t\t<div class=\"elementor-posts-container elementor-posts elementor-posts--skin-classic elementor-grid\">\n\t\t\t\t<article class=\"elementor-post elementor-grid-item post-2354 post type-post status-publish format-standard has-post-thumbnail hentry category-sem-categoria\">\n\t\t\t\t<a class=\"elementor-post__thumbnail__link\" href=\"https:\/\/www.curumimvirtual.com.br\/blog\/apraxia-da-fala-infantil-o-que-e-como-identificar-e-por-que-o-diagnostico-precoce-faz-toda-a-diferenca\/\" tabindex=\"-1\" >\n\t\t\t<div class=\"elementor-post__thumbnail\"><img fetchpriority=\"high\" decoding=\"async\" width=\"200\" height=\"300\" src=\"https:\/\/www.curumimvirtual.com.br\/blog\/wp-content\/uploads\/2025\/05\/crianca_mao_boca-200x300.jpg\" class=\"attachment-medium size-medium wp-image-2355\" alt=\"\" srcset=\"https:\/\/www.curumimvirtual.com.br\/blog\/wp-content\/uploads\/2025\/05\/crianca_mao_boca-200x300.jpg 200w, https:\/\/www.curumimvirtual.com.br\/blog\/wp-content\/uploads\/2025\/05\/crianca_mao_boca-683x1024.jpg 683w, https:\/\/www.curumimvirtual.com.br\/blog\/wp-content\/uploads\/2025\/05\/crianca_mao_boca-768x1152.jpg 768w, https:\/\/www.curumimvirtual.com.br\/blog\/wp-content\/uploads\/2025\/05\/crianca_mao_boca.jpg 1024w\" sizes=\"(max-width: 200px) 100vw, 200px\" \/><\/div>\n\t\t<\/a>\n\t\t\t\t<div class=\"elementor-post__text\">\n\t\t\t\t<h3 class=\"elementor-post__title\">\n\t\t\t<a href=\"https:\/\/www.curumimvirtual.com.br\/blog\/apraxia-da-fala-infantil-o-que-e-como-identificar-e-por-que-o-diagnostico-precoce-faz-toda-a-diferenca\/\" >\n\t\t\t\tApraxia da Fala Infantil: o que \u00e9, como identificar e por que o diagn\u00f3stico precoce faz toda a diferen\u00e7a\t\t\t<\/a>\n\t\t<\/h3>\n\t\t\t\t<div class=\"elementor-post__meta-data\">\n\t\t\t\t\t<span class=\"elementor-post-date\">\n\t\t\t21\/05\/2025\t\t<\/span>\n\t\t\t\t<\/div>\n\t\t\t\t<div class=\"elementor-post__excerpt\">\n\t\t\t<p>Descubra o que \u00e9 apraxia da fala infantil, seus sinais, como diagnosticar e o papel essencial do est\u00edmulo no desenvolvimento da crian\u00e7a.<\/p>\n\t\t<\/div>\n\t\t\n\t\t<a class=\"elementor-post__read-more\" href=\"https:\/\/www.curumimvirtual.com.br\/blog\/apraxia-da-fala-infantil-o-que-e-como-identificar-e-por-que-o-diagnostico-precoce-faz-toda-a-diferenca\/\" aria-label=\"Read more about Apraxia da Fala Infantil: o que \u00e9, como identificar e por que o diagn\u00f3stico precoce faz toda a diferen\u00e7a\" tabindex=\"-1\" >\n\t\t\tSaiba Mais \u00bb\t\t<\/a>\n\n\t\t\t\t<\/div>\n\t\t\t\t<\/article>\n\t\t\t\t<article class=\"elementor-post elementor-grid-item post-190 post type-post status-publish format-standard has-post-thumbnail hentry category-sem-categoria\">\n\t\t\t\t<a class=\"elementor-post__thumbnail__link\" href=\"https:\/\/www.curumimvirtual.com.br\/blog\/cultura-indigena-presente-passado-e-futuro-de-um-povo-que-merece-respeito\/\" tabindex=\"-1\" >\n\t\t\t<div class=\"elementor-post__thumbnail\"><img decoding=\"async\" width=\"300\" height=\"180\" src=\"https:\/\/www.curumimvirtual.com.br\/blog\/wp-content\/uploads\/2025\/04\/Design-sem-nome-37-300x180.png\" class=\"attachment-medium size-medium wp-image-191\" alt=\"\" srcset=\"https:\/\/www.curumimvirtual.com.br\/blog\/wp-content\/uploads\/2025\/04\/Design-sem-nome-37-300x180.png 300w, https:\/\/www.curumimvirtual.com.br\/blog\/wp-content\/uploads\/2025\/04\/Design-sem-nome-37.png 744w\" sizes=\"(max-width: 300px) 100vw, 300px\" \/><\/div>\n\t\t<\/a>\n\t\t\t\t<div class=\"elementor-post__text\">\n\t\t\t\t<h3 class=\"elementor-post__title\">\n\t\t\t<a href=\"https:\/\/www.curumimvirtual.com.br\/blog\/cultura-indigena-presente-passado-e-futuro-de-um-povo-que-merece-respeito\/\" >\n\t\t\t\tCultura ind\u00edgena: presente, passado e futuro de um povo que merece respeito\t\t\t<\/a>\n\t\t<\/h3>\n\t\t\t\t<div class=\"elementor-post__meta-data\">\n\t\t\t\t\t<span class=\"elementor-post-date\">\n\t\t\t10\/04\/2025\t\t<\/span>\n\t\t\t\t<\/div>\n\t\t\t\t<div class=\"elementor-post__excerpt\">\n\t\t\t<p>Falar sobre a cultura ind\u00edgena vai muito al\u00e9m de lembrar do Dia dos Povos Origin\u00e1rios, comemorado em abril. Aqui na Escola Curumim, acreditamos que o respeito \u00e0 diversidade e o<\/p>\n\t\t<\/div>\n\t\t\n\t\t<a class=\"elementor-post__read-more\" href=\"https:\/\/www.curumimvirtual.com.br\/blog\/cultura-indigena-presente-passado-e-futuro-de-um-povo-que-merece-respeito\/\" aria-label=\"Read more about Cultura ind\u00edgena: presente, passado e futuro de um povo que merece respeito\" tabindex=\"-1\" >\n\t\t\tSaiba Mais \u00bb\t\t<\/a>\n\n\t\t\t\t<\/div>\n\t\t\t\t<\/article>\n\t\t\t\t<article class=\"elementor-post elementor-grid-item post-186 post type-post status-publish format-standard has-post-thumbnail hentry category-sem-categoria\">\n\t\t\t\t<a class=\"elementor-post__thumbnail__link\" href=\"https:\/\/www.curumimvirtual.com.br\/blog\/puberdade-precoce-em-meninas-o-papel-dos-disruptores-endocrinos\/\" tabindex=\"-1\" >\n\t\t\t<div class=\"elementor-post__thumbnail\"><img decoding=\"async\" width=\"300\" height=\"180\" src=\"https:\/\/www.curumimvirtual.com.br\/blog\/wp-content\/uploads\/2025\/03\/f97501_118b3339215b4bce88dd549e36f7c248mv2-300x180.jpg\" class=\"attachment-medium size-medium wp-image-187\" alt=\"\" srcset=\"https:\/\/www.curumimvirtual.com.br\/blog\/wp-content\/uploads\/2025\/03\/f97501_118b3339215b4bce88dd549e36f7c248mv2-300x180.jpg 300w, https:\/\/www.curumimvirtual.com.br\/blog\/wp-content\/uploads\/2025\/03\/f97501_118b3339215b4bce88dd549e36f7c248mv2.jpg 744w\" sizes=\"(max-width: 300px) 100vw, 300px\" \/><\/div>\n\t\t<\/a>\n\t\t\t\t<div class=\"elementor-post__text\">\n\t\t\t\t<h3 class=\"elementor-post__title\">\n\t\t\t<a href=\"https:\/\/www.curumimvirtual.com.br\/blog\/puberdade-precoce-em-meninas-o-papel-dos-disruptores-endocrinos\/\" >\n\t\t\t\tPuberdade Precoce em Meninas: O Papel dos Disruptores End\u00f3crinos\t\t\t<\/a>\n\t\t<\/h3>\n\t\t\t\t<div class=\"elementor-post__meta-data\">\n\t\t\t\t\t<span class=\"elementor-post-date\">\n\t\t\t17\/03\/2025\t\t<\/span>\n\t\t\t\t<\/div>\n\t\t\t\t<div class=\"elementor-post__excerpt\">\n\t\t\t<p>A puberdade \u00e9 um marco no desenvolvimento infantil, mas quando ocorre precocemente, pode trazer desafios f\u00edsicos e emocionais para a crian\u00e7a. O in\u00edcio antecipado das transforma\u00e7\u00f5es corporais pode gerar inseguran\u00e7as,<\/p>\n\t\t<\/div>\n\t\t\n\t\t<a class=\"elementor-post__read-more\" href=\"https:\/\/www.curumimvirtual.com.br\/blog\/puberdade-precoce-em-meninas-o-papel-dos-disruptores-endocrinos\/\" aria-label=\"Read more about Puberdade Precoce em Meninas: O Papel dos Disruptores End\u00f3crinos\" tabindex=\"-1\" >\n\t\t\tSaiba Mais \u00bb\t\t<\/a>\n\n\t\t\t\t<\/div>\n\t\t\t\t<\/article>\n\t\t\t\t<article class=\"elementor-post elementor-grid-item post-125 post type-post status-publish format-standard has-post-thumbnail hentry category-bercario category-ensino-fundamental tag-abstinencia-de-tela tag-adaptacao-escolar tag-aprendizado-coletivo tag-assembleia-legislativa-de-sao-paulo-alesp tag-controle-de-telas-em-casa tag-dependencia-de-telas tag-desenvolvimento-emocional tag-desenvolvimento-integral tag-diversidade-de-perfis-familiares tag-educacao-digital tag-engajamento-nas-atividades-pedagogicas tag-escolas-publicas-e-privadas tag-ferramentas-tecnologicas-educativas tag-interacao-social tag-nativos-digitais tag-posturas-familiares tag-proibicao-do-uso-de-celulares tag-projeto-de-lei tag-recursos-tecnologicos-institucionais tag-relacao-saudavel-com-a-tecnologia tag-tecnologia-no-ambiente-escolar tag-uso-consciente-da-tecnologia\">\n\t\t\t\t<a class=\"elementor-post__thumbnail__link\" href=\"https:\/\/www.curumimvirtual.com.br\/blog\/legislacao-e-politicas-escolares\/\" tabindex=\"-1\" >\n\t\t\t<div class=\"elementor-post__thumbnail\"><img loading=\"lazy\" decoding=\"async\" width=\"300\" height=\"198\" src=\"https:\/\/www.curumimvirtual.com.br\/blog\/wp-content\/uploads\/2024\/11\/Imagem-do-WhatsApp-de-2024-09-02-as-11.33-300x198.jpg\" class=\"attachment-medium size-medium wp-image-128\" alt=\"\" srcset=\"https:\/\/www.curumimvirtual.com.br\/blog\/wp-content\/uploads\/2024\/11\/Imagem-do-WhatsApp-de-2024-09-02-as-11.33-300x198.jpg 300w, https:\/\/www.curumimvirtual.com.br\/blog\/wp-content\/uploads\/2024\/11\/Imagem-do-WhatsApp-de-2024-09-02-as-11.33-1024x677.jpg 1024w, https:\/\/www.curumimvirtual.com.br\/blog\/wp-content\/uploads\/2024\/11\/Imagem-do-WhatsApp-de-2024-09-02-as-11.33-768x508.jpg 768w, https:\/\/www.curumimvirtual.com.br\/blog\/wp-content\/uploads\/2024\/11\/Imagem-do-WhatsApp-de-2024-09-02-as-11.33.jpg 1113w\" sizes=\"(max-width: 300px) 100vw, 300px\" \/><\/div>\n\t\t<\/a>\n\t\t\t\t<div class=\"elementor-post__text\">\n\t\t\t\t<h3 class=\"elementor-post__title\">\n\t\t\t<a href=\"https:\/\/www.curumimvirtual.com.br\/blog\/legislacao-e-politicas-escolares\/\" >\n\t\t\t\tLegisla\u00e7\u00e3o e Pol\u00edticas Escolares\t\t\t<\/a>\n\t\t<\/h3>\n\t\t\t\t<div class=\"elementor-post__meta-data\">\n\t\t\t\t\t<span class=\"elementor-post-date\">\n\t\t\t15\/11\/2024\t\t<\/span>\n\t\t\t\t<\/div>\n\t\t\t\t<div class=\"elementor-post__excerpt\">\n\t\t\t<p>A diretora Marielly, pode participar de uma entrevista com o canal local onde o tema era: O uso do celular na escola. Ela achou interessante compartilhar aqui no BLOG para<\/p>\n\t\t<\/div>\n\t\t\n\t\t<a class=\"elementor-post__read-more\" href=\"https:\/\/www.curumimvirtual.com.br\/blog\/legislacao-e-politicas-escolares\/\" aria-label=\"Read more about Legisla\u00e7\u00e3o e Pol\u00edticas Escolares\" tabindex=\"-1\" >\n\t\t\tSaiba Mais \u00bb\t\t<\/a>\n\n\t\t\t\t<\/div>\n\t\t\t\t<\/article>\n\t\t\t\t<article class=\"elementor-post elementor-grid-item post-109 post type-post status-publish format-standard has-post-thumbnail hentry category-sem-categoria\">\n\t\t\t\t<a class=\"elementor-post__thumbnail__link\" href=\"https:\/\/www.curumimvirtual.com.br\/blog\/e-tempo-de-rematricula-ou-fazer-uma-nova-matricula-em-outra-escola\/\" tabindex=\"-1\" >\n\t\t\t<div class=\"elementor-post__thumbnail\"><img loading=\"lazy\" decoding=\"async\" width=\"300\" height=\"198\" src=\"https:\/\/www.curumimvirtual.com.br\/blog\/wp-content\/uploads\/2024\/09\/Imagem-do-WhatsApp-de-2024-09-02-as-11.33.11_f2b432bd-300x198.jpg\" class=\"attachment-medium size-medium wp-image-110\" alt=\"\" srcset=\"https:\/\/www.curumimvirtual.com.br\/blog\/wp-content\/uploads\/2024\/09\/Imagem-do-WhatsApp-de-2024-09-02-as-11.33.11_f2b432bd-300x198.jpg 300w, https:\/\/www.curumimvirtual.com.br\/blog\/wp-content\/uploads\/2024\/09\/Imagem-do-WhatsApp-de-2024-09-02-as-11.33.11_f2b432bd-1024x677.jpg 1024w, https:\/\/www.curumimvirtual.com.br\/blog\/wp-content\/uploads\/2024\/09\/Imagem-do-WhatsApp-de-2024-09-02-as-11.33.11_f2b432bd-768x508.jpg 768w, https:\/\/www.curumimvirtual.com.br\/blog\/wp-content\/uploads\/2024\/09\/Imagem-do-WhatsApp-de-2024-09-02-as-11.33.11_f2b432bd.jpg 1113w\" sizes=\"(max-width: 300px) 100vw, 300px\" \/><\/div>\n\t\t<\/a>\n\t\t\t\t<div class=\"elementor-post__text\">\n\t\t\t\t<h3 class=\"elementor-post__title\">\n\t\t\t<a href=\"https:\/\/www.curumimvirtual.com.br\/blog\/e-tempo-de-rematricula-ou-fazer-uma-nova-matricula-em-outra-escola\/\" >\n\t\t\t\t\u00c9 tempo de Rematr\u00edcula ou fazer uma nova matr\u00edcula em outra escola\t\t\t<\/a>\n\t\t<\/h3>\n\t\t\t\t<div class=\"elementor-post__meta-data\">\n\t\t\t\t\t<span class=\"elementor-post-date\">\n\t\t\t02\/09\/2024\t\t<\/span>\n\t\t\t\t<\/div>\n\t\t\t\t<div class=\"elementor-post__excerpt\">\n\t\t\t<p>Quando pensamos na educa\u00e7\u00e3o e no desenvolvimento das crian\u00e7as, a continuidade e a estabilidade desempenham um papel fundamental. Manter as crian\u00e7as na mesma escola ao longo dos primeiros anos de<\/p>\n\t\t<\/div>\n\t\t\n\t\t<a class=\"elementor-post__read-more\" href=\"https:\/\/www.curumimvirtual.com.br\/blog\/e-tempo-de-rematricula-ou-fazer-uma-nova-matricula-em-outra-escola\/\" aria-label=\"Read more about \u00c9 tempo de Rematr\u00edcula ou fazer uma nova matr\u00edcula em outra escola\" tabindex=\"-1\" >\n\t\t\tSaiba Mais \u00bb\t\t<\/a>\n\n\t\t\t\t<\/div>\n\t\t\t\t<\/article>\n\t\t\t\t<article class=\"elementor-post elementor-grid-item post-98 post type-post status-publish format-standard has-post-thumbnail hentry category-sem-categoria\">\n\t\t\t\t<a class=\"elementor-post__thumbnail__link\" href=\"https:\/\/www.curumimvirtual.com.br\/blog\/a-importancia-de-nao-enviar-criancas-doentes-para-a-escola-protegendo-a-saude-coletiva\/\" tabindex=\"-1\" >\n\t\t\t<div class=\"elementor-post__thumbnail\"><img loading=\"lazy\" decoding=\"async\" width=\"300\" height=\"168\" src=\"https:\/\/www.curumimvirtual.com.br\/blog\/wp-content\/uploads\/2024\/08\/retrato-de-um-tipo-triste-e-pai_23-2150943367-300x168.jpg\" class=\"attachment-medium size-medium wp-image-99\" alt=\"\" srcset=\"https:\/\/www.curumimvirtual.com.br\/blog\/wp-content\/uploads\/2024\/08\/retrato-de-um-tipo-triste-e-pai_23-2150943367-300x168.jpg 300w, https:\/\/www.curumimvirtual.com.br\/blog\/wp-content\/uploads\/2024\/08\/retrato-de-um-tipo-triste-e-pai_23-2150943367.jpg 626w\" sizes=\"(max-width: 300px) 100vw, 300px\" \/><\/div>\n\t\t<\/a>\n\t\t\t\t<div class=\"elementor-post__text\">\n\t\t\t\t<h3 class=\"elementor-post__title\">\n\t\t\t<a href=\"https:\/\/www.curumimvirtual.com.br\/blog\/a-importancia-de-nao-enviar-criancas-doentes-para-a-escola-protegendo-a-saude-coletiva\/\" >\n\t\t\t\tA Import\u00e2ncia de N\u00e3o Enviar Crian\u00e7as Doentes para a Escola: Protegendo a Sa\u00fade Coletiva\t\t\t<\/a>\n\t\t<\/h3>\n\t\t\t\t<div class=\"elementor-post__meta-data\">\n\t\t\t\t\t<span class=\"elementor-post-date\">\n\t\t\t22\/08\/2024\t\t<\/span>\n\t\t\t\t<\/div>\n\t\t\t\t<div class=\"elementor-post__excerpt\">\n\t\t\t<p>No ambiente escolar, o bem-estar das crian\u00e7as \u00e9 uma prioridade, e manter a sa\u00fade de todos os alunos \u00e9 uma responsabilidade compartilhada entre a escola e as fam\u00edlias. Uma quest\u00e3o<\/p>\n\t\t<\/div>\n\t\t\n\t\t<a class=\"elementor-post__read-more\" href=\"https:\/\/www.curumimvirtual.com.br\/blog\/a-importancia-de-nao-enviar-criancas-doentes-para-a-escola-protegendo-a-saude-coletiva\/\" aria-label=\"Read more about A Import\u00e2ncia de N\u00e3o Enviar Crian\u00e7as Doentes para a Escola: Protegendo a Sa\u00fade Coletiva\" tabindex=\"-1\" >\n\t\t\tSaiba Mais \u00bb\t\t<\/a>\n\n\t\t\t\t<\/div>\n\t\t\t\t<\/article>\n\t\t\t\t<\/div>\n\t\t\n\t\t\t\t\t\t<\/div>\n\t\t\t\t<\/div>\n\t\t\t\t\t<\/div>\n\t\t\t\t<\/div>\n\t\t<div class=\"elementor-element elementor-element-f139f92 e-flex e-con-boxed e-con e-parent\" data-id=\"f139f92\" data-element_type=\"container\" data-settings=\"{&quot;background_background&quot;:&quot;classic&quot;}\">\n\t\t\t\t\t<div class=\"e-con-inner\">\n\t\t<div class=\"elementor-element elementor-element-62e1ed5 e-con-full e-flex e-con e-child\" data-id=\"62e1ed5\" data-element_type=\"container\">\n\t\t\t\t<div class=\"elementor-element elementor-element-0793788 elementor-widget elementor-widget-image\" data-id=\"0793788\" data-element_type=\"widget\" data-widget_type=\"image.default\">\n\t\t\t\t<div class=\"elementor-widget-container\">\n\t\t\t\t\t\t\t\t\t\t\t\t\t\t\t\t<a href=\"https:\/\/www.curumimvirtual.com.br\/\">\n\t\t\t\t\t\t\t<img loading=\"lazy\" decoding=\"async\" width=\"100\" height=\"100\" src=\"https:\/\/www.curumimvirtual.com.br\/blog\/wp-content\/uploads\/2024\/05\/logo-fundo-branco-1.png\" class=\"attachment-full size-full wp-image-54\" alt=\"\" \/>\t\t\t\t\t\t\t\t<\/a>\n\t\t\t\t\t\t\t\t\t\t\t\t\t\t\t<\/div>\n\t\t\t\t<\/div>\n\t\t\t\t<\/div>\n\t\t<div class=\"elementor-element elementor-element-c81c591 e-con-full e-flex e-con e-child\" data-id=\"c81c591\" data-element_type=\"container\">\n\t\t\t\t<div class=\"elementor-element elementor-element-3db7def elementor-widget elementor-widget-heading\" data-id=\"3db7def\" data-element_type=\"widget\" data-widget_type=\"heading.default\">\n\t\t\t\t<div class=\"elementor-widget-container\">\n\t\t\t\t\t<h2 class=\"elementor-heading-title elementor-size-default\">FALE CONOSCO<\/h2>\t\t\t\t<\/div>\n\t\t\t\t<\/div>\n\t\t\t\t<div class=\"elementor-element elementor-element-bb11a5b elementor-icon-list--layout-traditional elementor-list-item-link-full_width elementor-widget elementor-widget-icon-list\" data-id=\"bb11a5b\" data-element_type=\"widget\" data-widget_type=\"icon-list.default\">\n\t\t\t\t<div class=\"elementor-widget-container\">\n\t\t\t\t\t\t\t<ul class=\"elementor-icon-list-items\">\n\t\t\t\t\t\t\t<li class=\"elementor-icon-list-item\">\n\t\t\t\t\t\t\t\t\t\t\t<a href=\"https:\/\/api.whatsapp.com\/send\/?phone=553432235307&#038;text&#038;type=phone_number&#038;app_absent=0\" target=\"_blank\" rel=\"nofollow\">\n\n\t\t\t\t\t\t\t\t\t\t\t\t<span class=\"elementor-icon-list-icon\">\n\t\t\t\t\t\t\t<svg aria-hidden=\"true\" class=\"e-font-icon-svg e-fab-whatsapp\" viewBox=\"0 0 448 512\" xmlns=\"http:\/\/www.w3.org\/2000\/svg\"><path d=\"M380.9 97.1C339 55.1 283.2 32 223.9 32c-122.4 0-222 99.6-222 222 0 39.1 10.2 77.3 29.6 111L0 480l117.7-30.9c32.4 17.7 68.9 27 106.1 27h.1c122.3 0 224.1-99.6 224.1-222 0-59.3-25.2-115-67.1-157zm-157 341.6c-33.2 0-65.7-8.9-94-25.7l-6.7-4-69.8 18.3L72 359.2l-4.4-7c-18.5-29.4-28.2-63.3-28.2-98.2 0-101.7 82.8-184.5 184.6-184.5 49.3 0 95.6 19.2 130.4 54.1 34.8 34.9 56.2 81.2 56.1 130.5 0 101.8-84.9 184.6-186.6 184.6zm101.2-138.2c-5.5-2.8-32.8-16.2-37.9-18-5.1-1.9-8.8-2.8-12.5 2.8-3.7 5.6-14.3 18-17.6 21.8-3.2 3.7-6.5 4.2-12 1.4-32.6-16.3-54-29.1-75.5-66-5.7-9.8 5.7-9.1 16.3-30.3 1.8-3.7.9-6.9-.5-9.7-1.4-2.8-12.5-30.1-17.1-41.2-4.5-10.8-9.1-9.3-12.5-9.5-3.2-.2-6.9-.2-10.6-.2-3.7 0-9.7 1.4-14.8 6.9-5.1 5.6-19.4 19-19.4 46.3 0 27.3 19.9 53.7 22.6 57.4 2.8 3.7 39.1 59.7 94.8 83.8 35.2 15.2 49 16.5 66.6 13.9 10.7-1.6 32.8-13.4 37.4-26.4 4.6-13 4.6-24.1 3.2-26.4-1.3-2.5-5-3.9-10.5-6.6z\"><\/path><\/svg>\t\t\t\t\t\t<\/span>\n\t\t\t\t\t\t\t\t\t\t<span class=\"elementor-icon-list-text\">(34)3223-5307<\/span>\n\t\t\t\t\t\t\t\t\t\t\t<\/a>\n\t\t\t\t\t\t\t\t\t<\/li>\n\t\t\t\t\t\t\t\t<li class=\"elementor-icon-list-item\">\n\t\t\t\t\t\t\t\t\t\t\t<a href=\"https:\/\/api.whatsapp.com\/send\/?phone=553432235307&#038;text&#038;type=phone_number&#038;app_absent=0\" target=\"_blank\" rel=\"nofollow\">\n\n\t\t\t\t\t\t\t\t\t\t\t\t<span class=\"elementor-icon-list-icon\">\n\t\t\t\t\t\t\t<svg aria-hidden=\"true\" class=\"e-font-icon-svg e-fas-map-marker-alt\" viewBox=\"0 0 384 512\" xmlns=\"http:\/\/www.w3.org\/2000\/svg\"><path d=\"M172.268 501.67C26.97 291.031 0 269.413 0 192 0 85.961 85.961 0 192 0s192 85.961 192 192c0 77.413-26.97 99.031-172.268 309.67-9.535 13.774-29.93 13.773-39.464 0zM192 272c44.183 0 80-35.817 80-80s-35.817-80-80-80-80 35.817-80 80 35.817 80 80 80z\"><\/path><\/svg>\t\t\t\t\t\t<\/span>\n\t\t\t\t\t\t\t\t\t\t<span class=\"elementor-icon-list-text\">Avenida Belarmino cotta Pacheco 1322 - CEP 38408168 , com portaria na Rua Jos\u00e9 Miguel Saramago, 659 - 38408222 CEP - Santa M\u00f4nica MG<\/span>\n\t\t\t\t\t\t\t\t\t\t\t<\/a>\n\t\t\t\t\t\t\t\t\t<\/li>\n\t\t\t\t\t\t<\/ul>\n\t\t\t\t\t\t<\/div>\n\t\t\t\t<\/div>\n\t\t\t\t<\/div>\n\t\t<div class=\"elementor-element elementor-element-b84700c e-con-full e-flex e-con e-child\" data-id=\"b84700c\" data-element_type=\"container\">\n\t\t\t\t<\/div>\n\t\t\t\t\t<\/div>\n\t\t\t\t<\/div>\n\t\t\t\t<\/div>\n\t\t","protected":false},"excerpt":{"rendered":"<p>Trilhando o Saber: Jornadas Educativas do Centro Educacional Curumim Em nosso blog &#8216;Trilhando o Saber&#8217;, convidamos voc\u00ea a explorar as diversas jornadas educativas proporcionadas pelo Centro Educacional Curumim. Acompanhe nossos relatos sobre descobertas, desafios e conquistas enquanto trilhamos os caminhos do conhecimento junto aos nossos alunos. Prepare-se para se inspirar e aprender conosco em cada [&hellip;]<\/p>\n","protected":false},"author":1,"featured_media":0,"parent":0,"menu_order":0,"comment_status":"closed","ping_status":"closed","template":"elementor_canvas","meta":{"footnotes":""},"class_list":["post-17","page","type-page","status-publish","hentry"],"_links":{"self":[{"href":"https:\/\/www.curumimvirtual.com.br\/blog\/wp-json\/wp\/v2\/pages\/17","targetHints":{"allow":["GET"]}}],"collection":[{"href":"https:\/\/www.curumimvirtual.com.br\/blog\/wp-json\/wp\/v2\/pages"}],"about":[{"href":"https:\/\/www.curumimvirtual.com.br\/blog\/wp-json\/wp\/v2\/types\/page"}],"author":[{"embeddable":true,"href":"https:\/\/www.curumimvirtual.com.br\/blog\/wp-json\/wp\/v2\/users\/1"}],"replies":[{"embeddable":true,"href":"https:\/\/www.curumimvirtual.com.br\/blog\/wp-json\/wp\/v2\/comments?post=17"}],"version-history":[{"count":44,"href":"https:\/\/www.curumimvirtual.com.br\/blog\/wp-json\/wp\/v2\/pages\/17\/revisions"}],"predecessor-version":[{"id":2353,"href":"https:\/\/www.curumimvirtual.com.br\/blog\/wp-json\/wp\/v2\/pages\/17\/revisions\/2353"}],"wp:attachment":[{"href":"https:\/\/www.curumimvirtual.com.br\/blog\/wp-json\/wp\/v2\/media?parent=17"}],"curies":[{"name":"wp","href":"https:\/\/api.w.org\/{rel}","templated":true}]}}